{"id":815,"date":"2021-08-24T14:50:27","date_gmt":"2021-08-24T12:50:27","guid":{"rendered":"http:\/\/www.bollicinetrieste.it\/privacy-e-cookie-policy\/"},"modified":"2026-03-27T10:41:38","modified_gmt":"2026-03-27T09:41:38","slug":"privacy-and-cookie-policy","status":"publish","type":"page","link":"https:\/\/www.bollicinetrieste.it\/en\/privacy-and-cookie-policy\/","title":{"rendered":"Privacy and Cookie policy"},"content":{"rendered":"<div class=\"wpb-content-wrapper\">[vc_row css=&#8221;.vc_custom_1774529301761{margin-top: 40px !important;margin-bottom: 40px !important;}&#8221; el_class=&#8221;ptd200 ptm110&#8243;][vc_column][vc_column_text css=&#8221;&#8221;]\r\n<p><strong>INFORMATIVA AI SENSI DEGLI ART. 13-14 DEL GDPR (GENERAL DATA PROTECTION REGULATION) 2016\/679<\/strong><\/p>\r\n<p>NOME, P.IVA , \u00a0Titolare del Trattamento, ti informa che i tuoi dati saranno trattati con le modalit\u00e0 e per le finalit\u00e0 di seguito indicate.<\/p>\r\n<p>Il Titolare si impegna a tutelare la privacy e la riservatezza dei Dati Personali nel rispetto ai principi di correttezza, liceit\u00e0, trasparenza e di tutela dei tuoi diritti<\/p>\r\n<p><strong>1) TIPOLOGIA DI DATI TRATTATI<\/strong><\/p>\r\n<p>Trattiamo dati personali comunicati da te\u00a0(nome, email, ragione sociale, telefono, ecc) in occasione di richieste inviate in maniera spontanea e dati che vengono raccolti autonomamente dal sito web.<\/p>\r\n<ul>\r\n<li><strong>Dati da te forniti<\/strong>:\u00a0 dati personali, identificativi e non sensibili da te comunicati per effettuare richieste via posta elettronica, attraverso il form di contatto o telefonicamente sui nostri prodotti\/servizi<\/li>\r\n<li><strong>Dati che raccogliamo automaticamente<\/strong>:\u00a0dati anonimi raccolti utilizzando i cookie o tecnologie similari: per ulteriori informazioni, visiona la\u00a0<a href=\"#cookie\"><strong>Cookie Policy <\/strong><\/a>pi\u00f9 in basso.<\/li>\r\n<\/ul>\r\n<p><strong>N.B.<\/strong>: Gli utenti con meno di 16 anni non possono fornire alcun dato personale senza il conferimento del consenso dai genitori o da chi eserciti la potest\u00e0.<\/p>\r\n<p>&nbsp;<\/p>\r\n<p><strong>2) FINALIT\u00c0 E BASI GIURIDICHE DEL TRATTAMENTO\u00a0<\/strong><\/p>\r\n<p>Tratteremo i tuoi dati personali:<\/p>\r\n<p><strong>A)<\/strong>per adempiere ai nostri obblighi contrattuali; fornire una risposta alle tue richieste di informazioni; calcolare un preventivo che ci hai richiesto; dare esecuzione ai contratti di compravendita di prodotti o di incarico per l\u2019erogazione di servizi; garantirti l\u2019assistenza necessaria rispetto ai prodotti e servizi acquistati.<\/p>\r\n<p><strong>B)<\/strong>effettuare analisi statistiche aggregate su base anonima per migliorare\u00a0i nostri servizi;<\/p>\r\n<p><strong>C)<\/strong>per finalit\u00e0 amministrative e per l\u2019adempimento di obblighi di legge quali ad esempio quelli di natura contabile, fiscale, o per dar corso a richieste dell\u2019autorit\u00e0 giudiziaria.<\/p>\r\n<p><strong>D)<\/strong>nel caso di invio di curriculum vitae, esclusivamente per finalit\u00e0 di selezione.<\/p>\r\n<p>&nbsp;<\/p>\r\n<p><strong>3) IL CONFERIMENTO DEI DATI \u00c8 OBBLIGATORIO?\u00a0<\/strong><\/p>\r\n<p>Il conferimento dei tuoi dati \u00e8 sempre facoltativo, ma il loro eventuale mancato conferimento potrebbe rendere impossibile procedere con alcuni trattamenti, come quelli strettamente connessi all\u2019adempimento di un contratto o alla prestazione dei servizi che hai richiesto.<\/p>\r\n<p><strong>4) LUOGO, MODALIT\u00c0 DI TRATTAMENTO E TEMPI DI CONSERVAZIONE\u00a0<\/strong><\/p>\r\n<p>Il trattamento dei Suoi dati personali \u00e8 realizzato per mezzo delle operazioni indicate all\u2019art. 4 Codice Privacy e all\u2019art. 4 n. 2) GDPR e precisamente: raccolta, registrazione, organizzazione, conservazione, consultazione, elaborazione, modificazione, selezione, estrazione, raffronto, utilizzo, interconnessione, blocco,<br \/>comunicazione, cancellazione e distruzione dei dati.<\/p>\r\n<p>I tuoi dati personali sono conservati presso la sede del Titolare e sono sottoposti a trattamento sia cartaceo che elettronico e\/o automatizzato con logiche strettamente correlate alle finalit\u00e0 indicate e comunque in modo da garantire la sicurezza e la riservatezza dei dati stessi. I dati da te inviati non vengono salvati all\u2019interno del nostro sito web.<\/p>\r\n<p>Il Titolare tratter\u00e0 i dati personali per il tempo necessario per adempiere alle finalit\u00e0 di cui sopra e comunque per non oltre 10 anni dalla cessazione del rapporto per le Finalit\u00e0 al punto C e per non oltre 38 mesi dalla raccolta dei dati per le Finalit\u00e0 al punto B.<\/p>\r\n<p><strong>5) ACCESSO AI DATI<\/strong><\/p>\r\n<p>I tuoi dati potranno essere resi accessibili per le finalit\u00e0 indicate al punto 2:<\/p>\r\n<ul>\r\n<li>a dipendenti e collaboratori del Titolare, nella loro qualit\u00e0 di incaricati e\/o responsabili interni del trattamento e\/o amministratori di sistema;<\/li>\r\n<li>a societ\u00e0 terze o altri soggetti (provider sito web, cloud provider, provider servizio e-payment, fornitori, tecnici addetti all\u2019assistenza hardware e software, spedizionieri e vettori, istituti di credito, studi professionali, etc) che svolgono attivit\u00e0 in outsourcing per conto del Titolare, nella loro qualit\u00e0 di responsabili del trattamento.<\/li>\r\n<\/ul>\r\n<p>&nbsp;<\/p>\r\n<p><strong>6) TRASFERIMENTO DEI DATI<\/strong><\/p>\r\n<p>I dati non saranno diffusi, venduti o scambiati con soggetti diversi dal titolare, dai responsabili e dagli incaricati nominati senza il tuo consenso espresso ed esplicito.<\/p>\r\n<p><strong>7) I TUOI DIRITTI<\/strong><\/p>\r\n<p>Hai diritto di conoscere quali sono i tuoi dati personali oggetto di trattamento. In particolare, ti \u00e8 riconosciuto il diritto di accesso, rettifica, cancellazione nonch\u00e9 il diritto alla portabilit\u00e0 dei dati, il diritto di limitazione del trattamento e il diritto ad opporti al trattamento, se ce ne sono i presupposti.<\/p>\r\n<p>Di seguito ti forniamo una breve illustrazione dei diritti che ti sono riconosciuti con riferimento al trattamento dei tuoi dati personali.<\/p>\r\n<ul>\r\n<li>Il\u00a0<strong>diritto di accesso <\/strong>ti consente di ottenere conferma che sia o meno in corso un trattamento dei tuoi dati personali da parte del\u00a0 Titolare e, se del caso, accedere a tali dati e alle informazioni ad essi relative;<\/li>\r\n<li>Il\u00a0<strong>diritto di rettifica <\/strong>ti consente di ottenere la modifica dei dati personali inesatti che ti riguardano senza ingiustificato ritardo e, tenuto conto delle finalit\u00e0 del trattamento, di ottenere l\u2019integrazione dei dati personali incompleti;<\/li>\r\n<li>Il\u00a0<strong>diritto alla cancellazione <\/strong>ti consente di ottenere la cancellazione dei dati che ti riguardano senza ingiustificato ritardo (ad es. quando i tuoi dati personali non sono pi\u00f9 necessari in relazione alle finalit\u00e0 per cui sono stati raccolti), fatte salve le eccezioni previste dalla normativa applicabile (es. quando la conservazione dei tuoi dati \u00e8 necessaria per il rispetto di obblighi di legge applicabili al titolare del trattamento). La cancellazione verr\u00e0 effettuata nei tempi tecnici previsti;<\/li>\r\n<li>Il\u00a0<strong>diritto alla portabilit\u00e0 dei dati <\/strong>ti consente, in determinate circostanze previste dalla normativa applicabile, di ricevere in un formato strutturato, di uso comune e leggibile da dispositivo automatico i dati personali che ti riguardano che hai fornito. Potrai trasmettere questi dati ad un altro titolare del trattamento, semprech\u00e9 tale diritto le possa essere riconosciuto alla luce della normativa applicabile, e fatto salvo il caso in cui possa derivarne una lesione per i diritti e le libert\u00e0 altrui;<\/li>\r\n<li>Il\u00a0<strong>diritto alla limitazione del trattamento <\/strong>ti consente, in determinate circostanze previste dalla normativa applicabile, di ottenere la limitazione del trattamento dei tuoi dati personali. In tali casi il Titolare potr\u00e0 continuare a trattare i tuoi dati soltanto in alcuni casi, ad esempio per l\u2019esercizio del diritto di difesa o per tutelare i diritti di un\u2019altra persona fisica o giuridica;<\/li>\r\n<li>Il\u00a0<strong>diritto di opposizione al trattamento <\/strong>ti consente, in determinate circostanze previste dalla normativa applicabile, di opporti al trattamento dei tuoi dati personali a meno che sussistano prevalenti motivi legittimi, diritti o libert\u00e0 tali da consentire il Titolare di continuare il trattamento;<\/li>\r\n<\/ul>\r\n<p>Per ottenere maggiori informazioni sul trattamento dei tuoi dati personali o esercitare i tuoi diritti ti invitiamo a contattarci.<\/p>\r\n<p>&nbsp;<\/p>\r\n<p><strong>8) MODIFICHE ALLA INFORMATIVA<\/strong><\/p>\r\n<p>La presente Informativa pu\u00f2 subire variazioni. Si consiglia, quindi, di controllare regolarmente questa Informativa e di riferirsi alla versione pi\u00f9 aggiornata.<\/p>\r\n<p>Ultimo aggiornamento:\u00a0<strong>Dicembre 2025<\/strong><\/p>\r\n\r\n[\/vc_column_text][\/vc_column][\/vc_row][vc_row el_id=&#8221;cookie&#8221; css=&#8221;.vc_custom_1764060203322{padding-bottom: 40px !important;}&#8221;][vc_column][vc_column_text css=&#8221;&#8221;]\r\n<p>ELENCO COOKIE<\/p>\r\n<div class=\"cky-audit-table-element\">\u00a0<\/div>\r\n[\/vc_column_text][\/vc_column][\/vc_row]<\/div>","protected":false},"excerpt":{"rendered":"<p>[vc_row css=&#8221;.vc_custom_1774529301761{margin-top: 40px !important;margin-bottom: 40px !important;}&#8221; el_class=&#8221;ptd200 ptm110&#8243;][vc_column][vc_column_text css=&#8221;&#8221;] INFORMATIVA AI SENSI DEGLI ART. 13-14 DEL GDPR (GENERAL DATA PROTECTION REGULATION) 2016\/679 NOME, P.IVA , \u00a0Titolare del Trattamento, ti informa che i tuoi dati saranno trattati con le modalit\u00e0 e per le finalit\u00e0 di seguito indicate. Il Titolare si impegna a tutelare la privacy e&hellip;<\/p>\n","protected":false},"author":15,"featured_media":0,"parent":0,"menu_order":0,"comment_status":"closed","ping_status":"open","template":"","meta":{"footnotes":""},"class_list":["post-815","page","type-page","status-publish","hentry","entry","no-media"],"yoast_head":"<!-- This site is optimized with the Yoast SEO plugin v27.3 - https:\/\/yoast.com\/product\/yoast-seo-wordpress\/ -->\n<title>Privacy and Cookie policy - Bollicine<\/title>\n<meta name=\"robots\" content=\"index, follow, max-snippet:-1, max-image-preview:large, max-video-preview:-1\" \/>\n<link rel=\"canonical\" href=\"https:\/\/www.bollicinetrieste.it\/en\/privacy-and-cookie-policy\/\" \/>\n<meta property=\"og:locale\" content=\"en_US\" \/>\n<meta property=\"og:type\" content=\"article\" \/>\n<meta property=\"og:title\" content=\"Privacy and Cookie policy - Bollicine\" \/>\n<meta property=\"og:description\" content=\"[vc_row css=&#8221;.vc_custom_1774529301761{margin-top: 40px !important;margin-bottom: 40px !important;}&#8221; el_class=&#8221;ptd200 ptm110&#8243;][vc_column][vc_column_text css=&#8221;&#8221;] INFORMATIVA AI SENSI DEGLI ART. 13-14 DEL GDPR (GENERAL DATA PROTECTION REGULATION) 2016\/679 NOME, P.IVA , \u00a0Titolare del Trattamento, ti informa che i tuoi dati saranno trattati con le modalit\u00e0 e per le finalit\u00e0 di seguito indicate. Il Titolare si impegna a tutelare la privacy e&hellip;\" \/>\n<meta property=\"og:url\" content=\"https:\/\/www.bollicinetrieste.it\/en\/privacy-and-cookie-policy\/\" \/>\n<meta property=\"og:site_name\" content=\"Bollicine\" \/>\n<meta property=\"article:modified_time\" content=\"2026-03-27T09:41:38+00:00\" \/>\n<meta name=\"twitter:card\" content=\"summary_large_image\" \/>\n<meta name=\"twitter:label1\" content=\"Est. reading time\" \/>\n\t<meta name=\"twitter:data1\" content=\"6 minutes\" \/>\n<script type=\"application\/ld+json\" class=\"yoast-schema-graph\">{\"@context\":\"https:\\\/\\\/schema.org\",\"@graph\":[{\"@type\":\"WebPage\",\"@id\":\"https:\\\/\\\/www.bollicinetrieste.it\\\/en\\\/privacy-and-cookie-policy\\\/\",\"url\":\"https:\\\/\\\/www.bollicinetrieste.it\\\/en\\\/privacy-and-cookie-policy\\\/\",\"name\":\"Privacy and Cookie policy - Bollicine\",\"isPartOf\":{\"@id\":\"https:\\\/\\\/www.bollicinetrieste.it\\\/#website\"},\"datePublished\":\"2021-08-24T12:50:27+00:00\",\"dateModified\":\"2026-03-27T09:41:38+00:00\",\"breadcrumb\":{\"@id\":\"https:\\\/\\\/www.bollicinetrieste.it\\\/en\\\/privacy-and-cookie-policy\\\/#breadcrumb\"},\"inLanguage\":\"en-US\",\"potentialAction\":[{\"@type\":\"ReadAction\",\"target\":[\"https:\\\/\\\/www.bollicinetrieste.it\\\/en\\\/privacy-and-cookie-policy\\\/\"]}]},{\"@type\":\"BreadcrumbList\",\"@id\":\"https:\\\/\\\/www.bollicinetrieste.it\\\/en\\\/privacy-and-cookie-policy\\\/#breadcrumb\",\"itemListElement\":[{\"@type\":\"ListItem\",\"position\":1,\"name\":\"Home\",\"item\":\"https:\\\/\\\/www.bollicinetrieste.it\\\/en\\\/\"},{\"@type\":\"ListItem\",\"position\":2,\"name\":\"Privacy and Cookie policy\"}]},{\"@type\":\"WebSite\",\"@id\":\"https:\\\/\\\/www.bollicinetrieste.it\\\/#website\",\"url\":\"https:\\\/\\\/www.bollicinetrieste.it\\\/\",\"name\":\"Bollicine\",\"description\":\"\",\"potentialAction\":[{\"@type\":\"SearchAction\",\"target\":{\"@type\":\"EntryPoint\",\"urlTemplate\":\"https:\\\/\\\/www.bollicinetrieste.it\\\/?s={search_term_string}\"},\"query-input\":{\"@type\":\"PropertyValueSpecification\",\"valueRequired\":true,\"valueName\":\"search_term_string\"}}],\"inLanguage\":\"en-US\"}]}<\/script>\n<!-- \/ Yoast SEO plugin. -->","yoast_head_json":{"title":"Privacy and Cookie policy - Bollicine","robots":{"index":"index","follow":"follow","max-snippet":"max-snippet:-1","max-image-preview":"max-image-preview:large","max-video-preview":"max-video-preview:-1"},"canonical":"https:\/\/www.bollicinetrieste.it\/en\/privacy-and-cookie-policy\/","og_locale":"en_US","og_type":"article","og_title":"Privacy and Cookie policy - Bollicine","og_description":"[vc_row css=&#8221;.vc_custom_1774529301761{margin-top: 40px !important;margin-bottom: 40px !important;}&#8221; el_class=&#8221;ptd200 ptm110&#8243;][vc_column][vc_column_text css=&#8221;&#8221;] INFORMATIVA AI SENSI DEGLI ART. 13-14 DEL GDPR (GENERAL DATA PROTECTION REGULATION) 2016\/679 NOME, P.IVA , \u00a0Titolare del Trattamento, ti informa che i tuoi dati saranno trattati con le modalit\u00e0 e per le finalit\u00e0 di seguito indicate. Il Titolare si impegna a tutelare la privacy e&hellip;","og_url":"https:\/\/www.bollicinetrieste.it\/en\/privacy-and-cookie-policy\/","og_site_name":"Bollicine","article_modified_time":"2026-03-27T09:41:38+00:00","twitter_card":"summary_large_image","twitter_misc":{"Est. reading time":"6 minutes"},"schema":{"@context":"https:\/\/schema.org","@graph":[{"@type":"WebPage","@id":"https:\/\/www.bollicinetrieste.it\/en\/privacy-and-cookie-policy\/","url":"https:\/\/www.bollicinetrieste.it\/en\/privacy-and-cookie-policy\/","name":"Privacy and Cookie policy - Bollicine","isPartOf":{"@id":"https:\/\/www.bollicinetrieste.it\/#website"},"datePublished":"2021-08-24T12:50:27+00:00","dateModified":"2026-03-27T09:41:38+00:00","breadcrumb":{"@id":"https:\/\/www.bollicinetrieste.it\/en\/privacy-and-cookie-policy\/#breadcrumb"},"inLanguage":"en-US","potentialAction":[{"@type":"ReadAction","target":["https:\/\/www.bollicinetrieste.it\/en\/privacy-and-cookie-policy\/"]}]},{"@type":"BreadcrumbList","@id":"https:\/\/www.bollicinetrieste.it\/en\/privacy-and-cookie-policy\/#breadcrumb","itemListElement":[{"@type":"ListItem","position":1,"name":"Home","item":"https:\/\/www.bollicinetrieste.it\/en\/"},{"@type":"ListItem","position":2,"name":"Privacy and Cookie policy"}]},{"@type":"WebSite","@id":"https:\/\/www.bollicinetrieste.it\/#website","url":"https:\/\/www.bollicinetrieste.it\/","name":"Bollicine","description":"","potentialAction":[{"@type":"SearchAction","target":{"@type":"EntryPoint","urlTemplate":"https:\/\/www.bollicinetrieste.it\/?s={search_term_string}"},"query-input":{"@type":"PropertyValueSpecification","valueRequired":true,"valueName":"search_term_string"}}],"inLanguage":"en-US"}]}},"_links":{"self":[{"href":"https:\/\/www.bollicinetrieste.it\/en\/wp-json\/wp\/v2\/pages\/815","targetHints":{"allow":["GET"]}}],"collection":[{"href":"https:\/\/www.bollicinetrieste.it\/en\/wp-json\/wp\/v2\/pages"}],"about":[{"href":"https:\/\/www.bollicinetrieste.it\/en\/wp-json\/wp\/v2\/types\/page"}],"author":[{"embeddable":true,"href":"https:\/\/www.bollicinetrieste.it\/en\/wp-json\/wp\/v2\/users\/15"}],"replies":[{"embeddable":true,"href":"https:\/\/www.bollicinetrieste.it\/en\/wp-json\/wp\/v2\/comments?post=815"}],"version-history":[{"count":2,"href":"https:\/\/www.bollicinetrieste.it\/en\/wp-json\/wp\/v2\/pages\/815\/revisions"}],"predecessor-version":[{"id":817,"href":"https:\/\/www.bollicinetrieste.it\/en\/wp-json\/wp\/v2\/pages\/815\/revisions\/817"}],"wp:attachment":[{"href":"https:\/\/www.bollicinetrieste.it\/en\/wp-json\/wp\/v2\/media?parent=815"}],"curies":[{"name":"wp","href":"https:\/\/api.w.org\/{rel}","templated":true}]}}